{"id":30,"date":"2024-08-25T19:49:52","date_gmt":"2024-08-25T19:49:52","guid":{"rendered":"https:\/\/yepas.com.mx\/2024\/?page_id=30"},"modified":"2024-09-19T06:24:47","modified_gmt":"2024-09-19T06:24:47","slug":"dinamicas","status":"publish","type":"page","link":"https:\/\/yepas.com.mx\/2024\/dinamicas\/","title":{"rendered":"Din\u00e1micas"},"content":{"rendered":"\t\t<div data-elementor-type=\"wp-page\" data-elementor-id=\"30\" class=\"elementor elementor-30\" data-elementor-post-type=\"page\">\n\t\t\t\t<div class=\"elementor-element elementor-element-cdcb094 e-flex e-con-boxed e-con e-parent\" data-id=\"cdcb094\" data-element_type=\"container\" data-settings=\"{&quot;shape_divider_top&quot;:&quot;tilt&quot;}\">\n\t\t\t\t\t<div class=\"e-con-inner\">\n\t\t\t\t<div class=\"elementor-shape elementor-shape-top\" aria-hidden=\"true\" data-negative=\"false\">\n\t\t\t<svg xmlns=\"http:\/\/www.w3.org\/2000\/svg\" viewBox=\"0 0 1000 100\" preserveAspectRatio=\"none\">\n\t<path class=\"elementor-shape-fill\" d=\"M0,6V0h1000v100L0,6z\"\/>\n<\/svg>\t\t<\/div>\n\t\t\t\t<div class=\"elementor-element elementor-element-c426a35 elementor-widget elementor-widget-image\" data-id=\"c426a35\" data-element_type=\"widget\" data-widget_type=\"image.default\">\n\t\t\t\t<div class=\"elementor-widget-container\">\n\t\t\t\t\t\t\t\t\t\t\t\t\t\t\t<img fetchpriority=\"high\" decoding=\"async\" width=\"800\" height=\"400\" src=\"https:\/\/yepas.com.mx\/2024\/wp-content\/uploads\/Champ-1024x512.jpg\" class=\"attachment-large size-large wp-image-443\" alt=\"\" srcset=\"https:\/\/yepas.com.mx\/2024\/wp-content\/uploads\/Champ-1024x512.jpg 1024w, https:\/\/yepas.com.mx\/2024\/wp-content\/uploads\/Champ-300x150.jpg 300w, https:\/\/yepas.com.mx\/2024\/wp-content\/uploads\/Champ-768x384.jpg 768w, https:\/\/yepas.com.mx\/2024\/wp-content\/uploads\/Champ-1536x768.jpg 1536w, https:\/\/yepas.com.mx\/2024\/wp-content\/uploads\/Champ.jpg 1980w\" sizes=\"(max-width: 800px) 100vw, 800px\" \/>\t\t\t\t\t\t\t\t\t\t\t\t\t\t\t<\/div>\n\t\t\t\t<\/div>\n\t\t\t\t\t<\/div>\n\t\t\t\t<\/div>\n\t\t<div class=\"elementor-element elementor-element-7f53e04 e-flex e-con-boxed e-con e-parent\" data-id=\"7f53e04\" data-element_type=\"container\">\n\t\t\t\t\t<div class=\"e-con-inner\">\n\t\t\t\t<div class=\"elementor-element elementor-element-0a7b6d1 elementor-widget elementor-widget-text-editor\" data-id=\"0a7b6d1\" data-element_type=\"widget\" data-widget_type=\"text-editor.default\">\n\t\t\t\t<div class=\"elementor-widget-container\">\n\t\t\t\t\t\t\t\t\t<h1 class=\"font_0 wixui-rich-text__text\"><span class=\"wixui-rich-text__text\">Bases, T\u00e9rminos y Condiciones<\/span><\/h1><p class=\"font_8 wixui-rich-text__text\"><span class=\"wixui-rich-text__text\">SUPER SMART DE VERACRUZ, S.A DE C.V., mejor conocido como YEPAS, con domicilio en calle Avenida Urano #288 y #294, Colonia Jardines de Virginia, ciudad Veracruz, municipio o delegaci\u00f3n Boca del R\u00edo, C.P. 94294, en la entidad de Veracruz, pa\u00eds M\u00e9xico, y portal de internet\u00a0<a class=\"wixui-rich-text__text\" href=\"http:\/\/www.yepas.com.mx\/\" target=\"_blank\" rel=\"noopener\" data-auto-recognition=\"true\">www.yepas.com.mx<\/a>, es el responsable del uso y protecci\u00f3n de sus datos personales, y al respecto le informamos lo siguiente:<\/span><\/p><p class=\"font_8 wixui-rich-text__text\"><strong><span class=\"wixGuard wixui-rich-text__text\">\u200b<\/span><span class=\"wixui-rich-text__text\">Nombre de la promoci\u00f3n:\u00a0Concurso Champions League 2024<\/span><\/strong><\/p><p class=\"font_8 wixui-rich-text__text\"><span class=\"wixui-rich-text__text\"><strong>Cobertura:\u00a0<\/strong>Estados de Veracruz y Oaxaca.<\/span><\/p><p class=\"font_8 wixui-rich-text__text\"><span class=\"wixui-rich-text__text\"><strong>Tiendas participantes:\u00a0<\/strong>Todas las sucursales de Yepas SUPER SMART DE VERACRUZ SA DE CV.<\/span><\/p><p class=\"font_8 wixui-rich-text__text\"><span class=\"wixui-rich-text__text\"><strong>Vigencia de la promoci\u00f3n:\u00a0<\/strong>Del mi\u00e9rcoles 8 de Mayo al Viernes 31 de Junio de 2024<\/span><\/p><p class=\"font_8 wixui-rich-text__text\"><span class=\"wixui-rich-text__text\"><strong>Producto a promocionar:\u00a0<\/strong>Cerveza Modelo Especial 355 ml en presentaci\u00f3n 12 Pack<\/span><\/p><h3 class=\"font_8 wixui-rich-text__text\"><strong><span class=\"wixui-rich-text__text\"><span class=\"wixGuard wixui-rich-text__text\">\u200b<\/span><\/span><span class=\"wixui-rich-text__text\">Mec\u00e1nica de la Participaci\u00f3n:<\/span><\/strong><\/h3><p class=\"font_8 wixui-rich-text__text\"><span class=\"wixGuard wixui-rich-text__text\">\u200b<\/span><span class=\"wixui-rich-text__text\">1.\u00a0Compra un 12 Pack de Cerveza Modelo Especial lata 355 ml en cualquier sucursal Yepas.<\/span><\/p><p class=\"font_8 wixui-rich-text__text\"><span class=\"wixui-rich-text__text\">2.\u00a0Dir\u00edgete al exterior de la sucursal con la mercanc\u00eda adquirida y t\u00f3mate una selfie o solicita a un acompa\u00f1ante que te tome una fotograf\u00eda y que se logre distinguir la fachada de la sucursal.<\/span><\/p><p class=\"font_8 wixui-rich-text__text\"><span class=\"wixui-rich-text__text\">3.\u00a0Dir\u00edgete al post de la p\u00e1gina oficial de Yepas en Facebook: Concurso Championes League 2024.<\/span><\/p><p class=\"font_8 wixui-rich-text__text\"><span class=\"wixui-rich-text__text\">4.\u00a0Dale click en comentar y sube la fotograf\u00eda que tomaste en el exterior de la sucursal junto con el 12 Pack de Modelo Especial lata 355 ml que compraste.<\/span><\/p><p class=\"font_8 wixui-rich-text__text\"><span class=\"wixui-rich-text__text\">5.\u00a0Mediante mensaje privado, deber\u00e1s enviar foto o el n\u00famero de folio del ticker recibido por el colaborador de la sucursal en donde se evidencie la compra realizada.<\/span><\/p><h3 class=\"font_8 wixui-rich-text__text\"><strong><span class=\"wixui-rich-text__text\"><span class=\"wixGuard wixui-rich-text__text\">\u200b<\/span><\/span><span class=\"wixui-rich-text__text\">Restricciones:<\/span><\/strong><\/h3><p class=\"font_8 wixui-rich-text__text\"><span class=\"wixui-rich-text__text\"><span class=\"wixGuard wixui-rich-text__text\">\u200b<\/span><\/span><span class=\"wixui-rich-text__text\">1.\u00a0No podr\u00e1n participar menores de edad.<\/span><\/p><p class=\"font_8 wixui-rich-text__text\"><span class=\"wixui-rich-text__text\">2.\u00a0Solo se permitir\u00e1 la participaci\u00f3n 1 vez por cliente, por lo que s\u00f3lo podr\u00e1n participar con una sola fotograf\u00eda<\/span><\/p><p class=\"font_8 wixui-rich-text__text\"><span class=\"wixui-rich-text__text\">3.\u00a0El premio se entregar\u00e1 en la sucursal Yepas Costa de Oro el d\u00eda S\u00e1bado 1 de Junio<\/span><\/p><p class=\"font_8 wixui-rich-text__text\"><span class=\"wixui-rich-text__text\">4.\u00a0El ganador autorizar\u00e1 que podamos evidenciar la premiaci\u00f3n en nuestras redes sociales, por fines \u00fanicamente de comunicaci\u00f3n.<\/span><\/p><p class=\"font_8 wixui-rich-text__text\"><span class=\"wixui-rich-text__text\">5.\u00a0El cliente elegir\u00e1 la playera y talla de acuerdo a sus especificaciones.<\/span><\/p><p class=\"font_8 wixui-rich-text__text\"><span class=\"wixui-rich-text__text\"><span class=\"wixGuard wixui-rich-text__text\">\u200b<\/span><\/span><span class=\"wixui-rich-text__text\">Se considerar\u00e1n como \u201cComentarios Participantes\u201d aquellos mensajes:<\/span><\/p><p class=\"font_8 wixui-rich-text__text\"><span class=\"wixui-rich-text__text\">Que sean de la autor\u00eda de cada Participante, publicados directamente por \u00e9stos desde su propia cuenta y perfil personales en la Plataforma, cuyo contenido cumpla con lo especificado en las presentes Bases.<\/span><\/p><p class=\"font_8 wixui-rich-text__text\"><span class=\"wixui-rich-text__text\">Que no reproduzcan o difundan informaci\u00f3n, lenguaje o s\u00edmbolos con contenido altisonante, falsa, tendenciosa, discriminatoria, o il\u00edcita en general (ya sea por su forma de expresi\u00f3n o su contenido) o, en particular, que puedan constituir competencia desleal y\/u ofender, denigrar o desprestigiar o que generen descr\u00e9dito o mala imagen para el responsable de la promoci\u00f3n o Yepas SUPER SMART DE VERACRUZ SA DE CV.<\/span><\/p><p class=\"font_8 wixui-rich-text__text\"><span class=\"wixGuard wixui-rich-text__text\">\u200b<\/span><span class=\"wixui-rich-text__text\">Que sean comunicados de manera p\u00fablica (es decir, que est\u00e9 disponible para visualizaci\u00f3n del p\u00fablico en general)- en el perfil personal del Participante dentro de la Plataforma de Facebook\u00ae; y que tengan habilitada la posibilidad de que otros usuarios de la Plataforma (y que, para ser considerados conforme a estas Bases, deber\u00e1n ser personas reales, con perfiles regulares y verificables y excluyendo expresamente cualesquier otros perfiles falsos o que respondan a mecanismos automatizados de participaci\u00f3n) participen en reacci\u00f3n a dicha publicaci\u00f3n, a trav\u00e9s de las funcionalidades de interacci\u00f3n disponibles de dicha Plataforma: \u201cLikes\u201d o \u201cMe gusta\u201d, \u201cme encanta\u201d o similares que apliquen y sean expresiones en positivo.<\/span><\/p><p class=\"font_8 wixui-rich-text__text\"><span class=\"wixGuard wixui-rich-text__text\">\u200b<\/span><span class=\"wixui-rich-text__text\">Cuya totalidad de derechos y autorizaciones respectivos, sean propiedad y\/o est\u00e9n bajo control del Participante.<\/span><\/p><p class=\"font_8 wixui-rich-text__text\"><span class=\"wixui-rich-text__text\">El t\u00e9rmino \u201cInteracciones V\u00e1lidas\u201d significar\u00e1 las reacciones realizadas, expresadas y compartidas respecto del Comentario Participante respectivo, por otros usuarios de la Plataforma, desde sus propias cuentas y perfiles personales en Facebook\u00ae , a trav\u00e9s de las funcionalidades de reacci\u00f3n positivos: \u201cLikes\u201d o \u201cMe gusta\u201d, \u201cme encanta\u201d o similares que apliquen.<\/span><\/p><p class=\"font_8 wixui-rich-text__text\"><span class=\"wixui-rich-text__text\">Las cuentas de usuario de Facebook\u00ae , tanto de los Participantes como de los terceros que expresen sus Interacciones V\u00e1lidas, deber\u00e1n ser aut\u00e9nticas, v\u00e1lidas y vigentes y corresponder efectivamente a personas reales y comprobables. La Organizadora podr\u00e1 descalificar y estar\u00e1 exenta de tomar en consideraci\u00f3n y valorizar para fines de la Promoci\u00f3n, aquellas participaciones (Comentarios Participantes) y sus respectivas Interacciones V\u00e1lidas (ya sea en general, o solo respecto de alguna fracci\u00f3n), cuando encuentre elementos que permitan presumir que se involucraron cuentas creadas y\/u operadas por cualquier mecanismo, programas, aplicaciones o motores de acci\u00f3n que tengan por objeto sustituir o simular participaciones personales e individuales para incrementar el n\u00famero o variedad de reacciones susceptibles de contabilidad para fines de premiaci\u00f3n. Para fines de claridad, no se podr\u00e1n utilizar robots para incrementar el n\u00famero de Interacciones V\u00e1lidas, ya que no ser\u00e1n tomadas en cuenta; por lo que, si existe la sospecha por parte de la Organizadora sobre la existencia de un robot o cualquier otra actividad que a su juicio se considere fraudulenta para incrementar la cantidad de comentarios, la Organizadora podr\u00e1, bajo su propio criterio de econom\u00eda, celeridad y claridad en el proceso: (i) desestimar el n\u00famero de Interacciones V\u00e1lidas que considere fueron agregadas a determinado Participante (en especial, este tipo de valoraci\u00f3n proceder\u00e1 preferentemente, si el Participante afectado notifica a la Organizadora, en cuanto tenga sospecha o conocimiento, de que su Comentario Participante est\u00e1 siendo materia de aplicaci\u00f3n o registro de reacciones inv\u00e1lidas, por parte de terceros y por causas que le sean ajenas); (ii) tener al Participante respectivo, por autom\u00e1ticamente descalificado sin responsabilidad alguna ni necesidad de aclaraci\u00f3n. La misma restricci\u00f3n y consecuencia de descalificaci\u00f3n aplicar\u00e1 en cualquier caso en el que la Organizadora sospeche o presuma que alg\u00fan Participante gestion\u00f3, aplic\u00f3, emple\u00f3 o se aprovech\u00f3 de tales mecanismos y\/o de cualquier otro, que implique una competencia desleal y\/o el intento de conseguir la descalificaci\u00f3n de otros Participantes. Para el an\u00e1lisis y calificaci\u00f3n de los casos referidos, la Organizadora podr\u00e1 emplear cualesquiera metodolog\u00edas, sistemas, procesos o criterios que considere necesarios o convenientes y que, a su propio juicio, sean comercialmente razonables en t\u00e9rminos de practicidad, econom\u00eda, celeridad, certeza, equidad y transparencia. Para el an\u00e1lisis y calificaci\u00f3n de los casos referidos, la Organizadora podr\u00e1 emplear cualesquiera metodolog\u00edas, sistemas, procesos o criterios que considere necesarios o convenientes y que, a su propio juicio, sean comercialmente razonables en t\u00e9rminos de practicidad, econom\u00eda, celeridad, certeza, equidad y transparencia. Asimismo, en caso de que alg\u00fan participante est\u00e9 en desacuerdo con el proceso o resultado de la determinaci\u00f3n de la Organizadora para resolver sobre lo anterior, podr\u00e1 solicitar el inicio de un proceso de revisi\u00f3n y auditor\u00eda, previa suscripci\u00f3n del acuerdo respectivo, que podr\u00e1 implicar el otorgamiento de una fianza para garantizar el pago de los costos y honorarios que se generen por dicho proceso, as\u00ed como los da\u00f1os y perjuicios en caso de que resulte infundada.<\/span><\/p>\t\t\t\t\t\t\t\t<\/div>\n\t\t\t\t<\/div>\n\t\t\t\t\t<\/div>\n\t\t\t\t<\/div>\n\t\t\t\t<\/div>\n\t\t","protected":false},"excerpt":{"rendered":"<p>Bases, T\u00e9rminos y Condiciones SUPER SMART DE VERACRUZ, S.A DE C.V., mejor conocido como YEPAS, con domicilio en calle Avenida Urano #288 y #294, Colonia Jardines de Virginia, ciudad Veracruz, municipio o delegaci\u00f3n Boca del R\u00edo, C.P. 94294, en la entidad de Veracruz, pa\u00eds M\u00e9xico, y portal de internet\u00a0www.yepas.com.mx, es el responsable del uso y [&hellip;]<\/p>\n","protected":false},"author":1,"featured_media":0,"parent":0,"menu_order":0,"comment_status":"closed","ping_status":"closed","template":"","meta":{"footnotes":""},"class_list":["post-30","page","type-page","status-publish","hentry"],"yoast_head":"<!-- This site is optimized with the Yoast SEO plugin v26.3 - https:\/\/yoast.com\/wordpress\/plugins\/seo\/ -->\n<title>Din\u00e1micas - yepas.com.mx<\/title>\n<meta name=\"robots\" content=\"index, follow, max-snippet:-1, max-image-preview:large, max-video-preview:-1\" \/>\n<link rel=\"canonical\" href=\"https:\/\/yepas.com.mx\/2024\/dinamicas\/\" \/>\n<meta property=\"og:locale\" content=\"es_ES\" \/>\n<meta property=\"og:type\" content=\"article\" \/>\n<meta property=\"og:title\" content=\"Din\u00e1micas - yepas.com.mx\" \/>\n<meta property=\"og:description\" content=\"Bases, T\u00e9rminos y Condiciones SUPER SMART DE VERACRUZ, S.A DE C.V., mejor conocido como YEPAS, con domicilio en calle Avenida Urano #288 y #294, Colonia Jardines de Virginia, ciudad Veracruz, municipio o delegaci\u00f3n Boca del R\u00edo, C.P. 94294, en la entidad de Veracruz, pa\u00eds M\u00e9xico, y portal de internet\u00a0www.yepas.com.mx, es el responsable del uso y [&hellip;]\" \/>\n<meta property=\"og:url\" content=\"https:\/\/yepas.com.mx\/2024\/dinamicas\/\" \/>\n<meta property=\"og:site_name\" content=\"yepas.com.mx\" \/>\n<meta property=\"article:modified_time\" content=\"2024-09-19T06:24:47+00:00\" \/>\n<meta property=\"og:image\" content=\"https:\/\/yepas.com.mx\/2024\/wp-content\/uploads\/Champ-1024x512.jpg\" \/>\n<meta name=\"twitter:card\" content=\"summary_large_image\" \/>\n<meta name=\"twitter:label1\" content=\"Tiempo de lectura\" \/>\n\t<meta name=\"twitter:data1\" content=\"6 minutos\" \/>\n<script type=\"application\/ld+json\" class=\"yoast-schema-graph\">{\"@context\":\"https:\/\/schema.org\",\"@graph\":[{\"@type\":\"WebPage\",\"@id\":\"https:\/\/yepas.com.mx\/2024\/dinamicas\/\",\"url\":\"https:\/\/yepas.com.mx\/2024\/dinamicas\/\",\"name\":\"Din\u00e1micas - yepas.com.mx\",\"isPartOf\":{\"@id\":\"https:\/\/yepas.com.mx\/2024\/#website\"},\"primaryImageOfPage\":{\"@id\":\"https:\/\/yepas.com.mx\/2024\/dinamicas\/#primaryimage\"},\"image\":{\"@id\":\"https:\/\/yepas.com.mx\/2024\/dinamicas\/#primaryimage\"},\"thumbnailUrl\":\"https:\/\/yepas.com.mx\/2024\/wp-content\/uploads\/Champ-1024x512.jpg\",\"datePublished\":\"2024-08-25T19:49:52+00:00\",\"dateModified\":\"2024-09-19T06:24:47+00:00\",\"breadcrumb\":{\"@id\":\"https:\/\/yepas.com.mx\/2024\/dinamicas\/#breadcrumb\"},\"inLanguage\":\"es\",\"potentialAction\":[{\"@type\":\"ReadAction\",\"target\":[\"https:\/\/yepas.com.mx\/2024\/dinamicas\/\"]}]},{\"@type\":\"ImageObject\",\"inLanguage\":\"es\",\"@id\":\"https:\/\/yepas.com.mx\/2024\/dinamicas\/#primaryimage\",\"url\":\"https:\/\/yepas.com.mx\/2024\/wp-content\/uploads\/Champ.jpg\",\"contentUrl\":\"https:\/\/yepas.com.mx\/2024\/wp-content\/uploads\/Champ.jpg\",\"width\":1980,\"height\":990},{\"@type\":\"BreadcrumbList\",\"@id\":\"https:\/\/yepas.com.mx\/2024\/dinamicas\/#breadcrumb\",\"itemListElement\":[{\"@type\":\"ListItem\",\"position\":1,\"name\":\"Portada\",\"item\":\"https:\/\/yepas.com.mx\/2024\/\"},{\"@type\":\"ListItem\",\"position\":2,\"name\":\"Din\u00e1micas\"}]},{\"@type\":\"WebSite\",\"@id\":\"https:\/\/yepas.com.mx\/2024\/#website\",\"url\":\"https:\/\/yepas.com.mx\/2024\/\",\"name\":\"yepas.com.mx\",\"description\":\"\",\"publisher\":{\"@id\":\"https:\/\/yepas.com.mx\/2024\/#organization\"},\"potentialAction\":[{\"@type\":\"SearchAction\",\"target\":{\"@type\":\"EntryPoint\",\"urlTemplate\":\"https:\/\/yepas.com.mx\/2024\/?s={search_term_string}\"},\"query-input\":{\"@type\":\"PropertyValueSpecification\",\"valueRequired\":true,\"valueName\":\"search_term_string\"}}],\"inLanguage\":\"es\"},{\"@type\":\"Organization\",\"@id\":\"https:\/\/yepas.com.mx\/2024\/#organization\",\"name\":\"yepas.com.mx\",\"url\":\"https:\/\/yepas.com.mx\/2024\/\",\"logo\":{\"@type\":\"ImageObject\",\"inLanguage\":\"es\",\"@id\":\"https:\/\/yepas.com.mx\/2024\/#\/schema\/logo\/image\/\",\"url\":\"https:\/\/yepas.com.mx\/2024\/wp-content\/uploads\/2024\/08\/Asset-3-8-1.png\",\"contentUrl\":\"https:\/\/yepas.com.mx\/2024\/wp-content\/uploads\/2024\/08\/Asset-3-8-1.png\",\"width\":300,\"height\":254,\"caption\":\"yepas.com.mx\"},\"image\":{\"@id\":\"https:\/\/yepas.com.mx\/2024\/#\/schema\/logo\/image\/\"}}]}<\/script>\n<!-- \/ Yoast SEO plugin. -->","yoast_head_json":{"title":"Din\u00e1micas - yepas.com.mx","robots":{"index":"index","follow":"follow","max-snippet":"max-snippet:-1","max-image-preview":"max-image-preview:large","max-video-preview":"max-video-preview:-1"},"canonical":"https:\/\/yepas.com.mx\/2024\/dinamicas\/","og_locale":"es_ES","og_type":"article","og_title":"Din\u00e1micas - yepas.com.mx","og_description":"Bases, T\u00e9rminos y Condiciones SUPER SMART DE VERACRUZ, S.A DE C.V., mejor conocido como YEPAS, con domicilio en calle Avenida Urano #288 y #294, Colonia Jardines de Virginia, ciudad Veracruz, municipio o delegaci\u00f3n Boca del R\u00edo, C.P. 94294, en la entidad de Veracruz, pa\u00eds M\u00e9xico, y portal de internet\u00a0www.yepas.com.mx, es el responsable del uso y [&hellip;]","og_url":"https:\/\/yepas.com.mx\/2024\/dinamicas\/","og_site_name":"yepas.com.mx","article_modified_time":"2024-09-19T06:24:47+00:00","og_image":[{"url":"https:\/\/yepas.com.mx\/2024\/wp-content\/uploads\/Champ-1024x512.jpg","type":"","width":"","height":""}],"twitter_card":"summary_large_image","twitter_misc":{"Tiempo de lectura":"6 minutos"},"schema":{"@context":"https:\/\/schema.org","@graph":[{"@type":"WebPage","@id":"https:\/\/yepas.com.mx\/2024\/dinamicas\/","url":"https:\/\/yepas.com.mx\/2024\/dinamicas\/","name":"Din\u00e1micas - yepas.com.mx","isPartOf":{"@id":"https:\/\/yepas.com.mx\/2024\/#website"},"primaryImageOfPage":{"@id":"https:\/\/yepas.com.mx\/2024\/dinamicas\/#primaryimage"},"image":{"@id":"https:\/\/yepas.com.mx\/2024\/dinamicas\/#primaryimage"},"thumbnailUrl":"https:\/\/yepas.com.mx\/2024\/wp-content\/uploads\/Champ-1024x512.jpg","datePublished":"2024-08-25T19:49:52+00:00","dateModified":"2024-09-19T06:24:47+00:00","breadcrumb":{"@id":"https:\/\/yepas.com.mx\/2024\/dinamicas\/#breadcrumb"},"inLanguage":"es","potentialAction":[{"@type":"ReadAction","target":["https:\/\/yepas.com.mx\/2024\/dinamicas\/"]}]},{"@type":"ImageObject","inLanguage":"es","@id":"https:\/\/yepas.com.mx\/2024\/dinamicas\/#primaryimage","url":"https:\/\/yepas.com.mx\/2024\/wp-content\/uploads\/Champ.jpg","contentUrl":"https:\/\/yepas.com.mx\/2024\/wp-content\/uploads\/Champ.jpg","width":1980,"height":990},{"@type":"BreadcrumbList","@id":"https:\/\/yepas.com.mx\/2024\/dinamicas\/#breadcrumb","itemListElement":[{"@type":"ListItem","position":1,"name":"Portada","item":"https:\/\/yepas.com.mx\/2024\/"},{"@type":"ListItem","position":2,"name":"Din\u00e1micas"}]},{"@type":"WebSite","@id":"https:\/\/yepas.com.mx\/2024\/#website","url":"https:\/\/yepas.com.mx\/2024\/","name":"yepas.com.mx","description":"","publisher":{"@id":"https:\/\/yepas.com.mx\/2024\/#organization"},"potentialAction":[{"@type":"SearchAction","target":{"@type":"EntryPoint","urlTemplate":"https:\/\/yepas.com.mx\/2024\/?s={search_term_string}"},"query-input":{"@type":"PropertyValueSpecification","valueRequired":true,"valueName":"search_term_string"}}],"inLanguage":"es"},{"@type":"Organization","@id":"https:\/\/yepas.com.mx\/2024\/#organization","name":"yepas.com.mx","url":"https:\/\/yepas.com.mx\/2024\/","logo":{"@type":"ImageObject","inLanguage":"es","@id":"https:\/\/yepas.com.mx\/2024\/#\/schema\/logo\/image\/","url":"https:\/\/yepas.com.mx\/2024\/wp-content\/uploads\/2024\/08\/Asset-3-8-1.png","contentUrl":"https:\/\/yepas.com.mx\/2024\/wp-content\/uploads\/2024\/08\/Asset-3-8-1.png","width":300,"height":254,"caption":"yepas.com.mx"},"image":{"@id":"https:\/\/yepas.com.mx\/2024\/#\/schema\/logo\/image\/"}}]}},"_links":{"self":[{"href":"https:\/\/yepas.com.mx\/2024\/wp-json\/wp\/v2\/pages\/30","targetHints":{"allow":["GET"]}}],"collection":[{"href":"https:\/\/yepas.com.mx\/2024\/wp-json\/wp\/v2\/pages"}],"about":[{"href":"https:\/\/yepas.com.mx\/2024\/wp-json\/wp\/v2\/types\/page"}],"author":[{"embeddable":true,"href":"https:\/\/yepas.com.mx\/2024\/wp-json\/wp\/v2\/users\/1"}],"replies":[{"embeddable":true,"href":"https:\/\/yepas.com.mx\/2024\/wp-json\/wp\/v2\/comments?post=30"}],"version-history":[{"count":7,"href":"https:\/\/yepas.com.mx\/2024\/wp-json\/wp\/v2\/pages\/30\/revisions"}],"predecessor-version":[{"id":449,"href":"https:\/\/yepas.com.mx\/2024\/wp-json\/wp\/v2\/pages\/30\/revisions\/449"}],"wp:attachment":[{"href":"https:\/\/yepas.com.mx\/2024\/wp-json\/wp\/v2\/media?parent=30"}],"curies":[{"name":"wp","href":"https:\/\/api.w.org\/{rel}","templated":true}]}}